{"id":3,"date":"2024-08-02T18:55:02","date_gmt":"2024-08-02T18:55:02","guid":{"rendered":"https:\/\/www.cyclophoto.com\/?page_id=3"},"modified":"2025-03-05T14:49:36","modified_gmt":"2025-03-05T12:49:36","slug":"politique-de-confidentialite","status":"publish","type":"page","link":"https:\/\/www.cyclophoto.com\/fr\/politique-de-confidentialite\/","title":{"rendered":"Politique de confidentialit\u00e9"},"content":{"rendered":"<div data-elementor-type=\"wp-page\" data-elementor-id=\"3\" class=\"elementor elementor-3\" data-elementor-post-type=\"page\">\n\t\t\t\t<div class=\"elementor-element elementor-element-69f6185d e-con-full e-flex e-con e-parent\" data-id=\"69f6185d\" data-element_type=\"container\" data-e-type=\"container\">\n\t\t\t\t<div class=\"elementor-element elementor-element-1c9a8afa elementor-widget elementor-widget-text-editor\" data-id=\"1c9a8afa\" data-element_type=\"widget\" data-e-type=\"widget\" data-widget_type=\"text-editor.default\">\n\t\t\t\t<div class=\"elementor-widget-container\">\n\t\t\t\t\t\t\t\t\t<p><span style=\"color: #ffffff;\"><strong>Politique de confidentialit\u00e9 - Cyclophoto<\/strong><\/span><\/p><p><span style=\"color: #ffffff;\">Au\u00a0<strong>Cyclophoto<\/strong>\u00a0nous attachons une grande importance \u00e0 votre vie priv\u00e9e et \u00e0 la protection de vos donn\u00e9es personnelles. Cette politique de confidentialit\u00e9 explique comment nous collectons, utilisons et prot\u00e9geons vos donn\u00e9es conform\u00e9ment \u00e0 la\u00a0<strong>R\u00e8glement g\u00e9n\u00e9ral sur la protection des donn\u00e9es (AVG\/GDPR)<\/strong>\u00a0et d'autres lois applicables.<\/span><\/p><hr \/><h3><strong>1. Quelles sont les donn\u00e9es collect\u00e9es ?<\/strong><\/h3><p><span style=\"color: #ffffff;\">Nous ne collectons que les donn\u00e9es n\u00e9cessaires \u00e0 nos services. Il peut s'agir de<\/span><\/p><ul><li><p><span style=\"color: #ffffff;\"><strong>Coordonn\u00e9es de la personne \u00e0 contacter<\/strong>: Nom, adresse \u00e9lectronique, num\u00e9ro de t\u00e9l\u00e9phone (si vous nous contactez).<\/span><\/p><\/li><li><p><span style=\"color: #ffffff;\"><strong>Utilisation du site web<\/strong>: Adresse IP, donn\u00e9es du navigateur, pages consult\u00e9es (via des cookies).<\/span><\/p><\/li><li><p><span style=\"color: #ffffff;\"><strong>Donn\u00e9es relatives au projet<\/strong>: Les informations que vous fournissez pour les missions de photographie (par exemple, les d\u00e9tails de l'\u00e9v\u00e9nement, les pr\u00e9f\u00e9rences).<\/span><\/p><\/li><\/ul><hr \/><h3><strong>2. Pourquoi collectons-nous vos donn\u00e9es ?<\/strong><\/h3><p><span style=\"color: #ffffff;\">Vos donn\u00e9es ne seront utilis\u00e9es qu'aux fins suivantes :<\/span><\/p><ul><li><p><span style=\"color: #ffffff;\">Fournir nos services (photographie, traitement d'images, etc.).<\/span><\/p><\/li><li><p><span style=\"color: #ffffff;\">Communiquer sur des projets, des offres ou des collaborations.<\/span><\/p><\/li><li><p><span style=\"color: #ffffff;\">Am\u00e9liorer notre site web et nos services.<\/span><\/p><\/li><li><p><span style=\"color: #ffffff;\">Respecter les obligations l\u00e9gales.<\/span><\/p><\/li><\/ul><hr \/><h3><strong>3. Comment prot\u00e9geons-nous vos donn\u00e9es ?<\/strong><\/h3><p><span style=\"color: #ffffff;\">Nous prenons des mesures techniques et organisationnelles appropri\u00e9es pour prot\u00e9ger vos donn\u00e9es contre la perte, l'utilisation abusive ou l'acc\u00e8s non autoris\u00e9. Ces mesures comprennent<\/span><\/p><ul><li><p><span style=\"color: #ffffff;\">Stockage s\u00e9curis\u00e9 des donn\u00e9es.<\/span><\/p><\/li><li><p><span style=\"color: #ffffff;\">Acc\u00e8s limit\u00e9 aux donn\u00e9es pour les employ\u00e9s et les tiers.<\/span><\/p><\/li><li><p><span style=\"color: #ffffff;\">R\u00e9vision r\u00e9guli\u00e8re de nos proc\u00e9dures de s\u00e9curit\u00e9.<\/span><\/p><\/li><\/ul><hr \/><h3><strong>4. Partageons-nous vos donn\u00e9es avec des tiers ?<\/strong><\/h3><p><span style=\"color: #ffffff;\">Vos donn\u00e9es ne seront pas vendues ou partag\u00e9es avec des parties externes, sauf si cela est n\u00e9cessaire pour nos services (par exemple, des partenaires d'h\u00e9bergement) ou exig\u00e9 par la loi. Dans ce cas, nous garantissons des accords stricts en mati\u00e8re de protection des donn\u00e9es.<\/span><\/p><hr \/><h3><strong>5. Combien de temps conservons-nous vos donn\u00e9es ?<\/strong><\/h3><p><span style=\"color: #ffffff;\">Nous ne conservons pas vos donn\u00e9es plus longtemps que n\u00e9cessaire aux fins pour lesquelles elles ont \u00e9t\u00e9 collect\u00e9es, \u00e0 moins qu'une p\u00e9riode de conservation plus longue ne soit requise par la loi.<\/span><\/p><hr \/><h3><strong>6. Vos droits en vertu de la directive AVG\/GDPR<\/strong><\/h3><p><span style=\"color: #ffffff;\">Vous disposez des droits suivants concernant vos donn\u00e9es personnelles :<\/span><\/p><ul><li><p><span style=\"color: #ffffff;\"><strong>Acc\u00e8s<\/strong>Vous pouvez demander une vue d'ensemble des donn\u00e9es que nous d\u00e9tenons sur vous.<\/span><\/p><\/li><li><p><span style=\"color: #ffffff;\"><strong>Rectificatif<\/strong>Vous pouvez faire modifier des donn\u00e9es incorrectes ou incompl\u00e8tes.<\/span><\/p><\/li><li><p><span style=\"color: #ffffff;\"><strong>D\u00e9m\u00e9nagement<\/strong>Vous pouvez demander que vos donn\u00e9es soient effac\u00e9es, sauf si nous sommes l\u00e9galement oblig\u00e9s de les conserver.<\/span><\/p><\/li><li><p><span style=\"color: #ffffff;\"><strong>Objection<\/strong>Vous pouvez vous opposer \u00e0 l'utilisation de vos donn\u00e9es \u00e0 des fins sp\u00e9cifiques.<\/span><\/p><\/li><li><p><span style=\"color: #ffffff;\"><strong>Portabilit\u00e9 des donn\u00e9es<\/strong>Vous pouvez demander \u00e0 recevoir vos donn\u00e9es dans un format lisible par machine.<\/span><\/p><\/li><\/ul><p><span style=\"color: #ffffff;\">Pour exercer ces droits, veuillez contacter<\/span><br \/><span style=\"color: #ffffff;\">\ud83d\udce7 bart@cyclophoto.com<\/span><\/p><hr \/><h3><strong>7. Cookies<\/strong><\/h3><p>Notre site Internet utilise\u00a0<strong>biscuits<\/strong>\u00a0pour am\u00e9liorer votre exp\u00e9rience d'utilisateur. Vous pouvez d\u00e9sactiver les cookies par le biais des param\u00e8tres de votre navigateur, mais cela peut limiter la fonctionnalit\u00e9 du site web.<\/p><hr \/><h3><strong>8. Modifications de la pr\u00e9sente politique de confidentialit\u00e9<\/strong><\/h3><p>Nous nous r\u00e9servons le droit de modifier cette politique de confidentialit\u00e9. Vous trouverez toujours la version la plus r\u00e9cente sur cette page.<\/p><hr \/><h3><strong>9. Contact<\/strong><\/h3><p>Vous avez des questions concernant cette politique de confidentialit\u00e9 ou le traitement de vos donn\u00e9es ? N'h\u00e9sitez pas \u00e0 nous contacter :<br \/>\ud83d\udce7 bart@cyclophoto.com<br \/>\ud83d\udcde +32 479 36 70 27<\/p><hr \/><p><strong>Date de la derni\u00e8re mise \u00e0 jour :<\/strong> 9\/02\/2025<\/p>\t\t\t\t\t\t\t\t<\/div>\n\t\t\t\t<\/div>\n\t\t\t\t<\/div>\n\t\t\t\t<\/div>","protected":false},"excerpt":{"rendered":"<p>Politique de confidentialit\u00e9 - Cyclophoto Chez Cyclophoto, nous attachons une grande importance au respect de votre vie priv\u00e9e et \u00e0 la protection de vos donn\u00e9es personnelles.<\/p>\n<div class=\"read-more\"><a href=\"https:\/\/www.cyclophoto.com\/fr\/politique-de-confidentialite\/\" class=\"more-link\">Lire la suite<\/a><\/div>","protected":false},"author":1,"featured_media":0,"parent":0,"menu_order":0,"comment_status":"closed","ping_status":"open","template":"","meta":{"footnotes":""},"class_list":["post-3","page","type-page","status-publish","hentry","entry"],"yoast_head":"<!-- This site is optimized with the Yoast SEO Premium plugin v24.6 (Yoast SEO v27.5) - https:\/\/yoast.com\/product\/yoast-seo-premium-wordpress\/ -->\n<title>Privacy Policy - Cyclophoto, Professional Cycling Photography Services.<\/title>\n<meta name=\"robots\" content=\"index, follow, max-snippet:-1, max-image-preview:large, max-video-preview:-1\" \/>\n<link rel=\"canonical\" href=\"https:\/\/www.cyclophoto.com\/fr\/politique-de-confidentialite\/\" \/>\n<meta property=\"og:locale\" content=\"fr_FR\" \/>\n<meta property=\"og:type\" content=\"article\" \/>\n<meta property=\"og:title\" content=\"Privacy Policy\" \/>\n<meta property=\"og:description\" content=\"Privacybeleid \u2013 Cyclophoto Bij\u00a0Cyclophoto\u00a0hechten we groot belang aan uw privacy en de bescherming van uwRead More\" \/>\n<meta property=\"og:url\" content=\"https:\/\/www.cyclophoto.com\/fr\/politique-de-confidentialite\/\" \/>\n<meta property=\"og:site_name\" content=\"Cyclophoto, Professional Cycling Photography Services.\" \/>\n<meta property=\"article:publisher\" content=\"https:\/\/www.facebook.com\/profile.php?id=61558810670981\" \/>\n<meta property=\"article:modified_time\" content=\"2025-03-05T12:49:36+00:00\" \/>\n<meta property=\"og:image\" content=\"https:\/\/i0.wp.com\/www.cyclophoto.com\/wp-content\/uploads\/2024\/08\/CYCLOPHOTO-1-HI-RES.png?fit=1563%2C1563&ssl=1\" \/>\n\t<meta property=\"og:image:width\" content=\"1563\" \/>\n\t<meta property=\"og:image:height\" content=\"1563\" \/>\n\t<meta property=\"og:image:type\" content=\"image\/png\" \/>\n<meta name=\"twitter:card\" content=\"summary_large_image\" \/>\n<meta name=\"twitter:site\" content=\"@BartCoenaers\" \/>\n<meta name=\"twitter:label1\" content=\"Dur\u00e9e de lecture estim\u00e9e\" \/>\n\t<meta name=\"twitter:data1\" content=\"3 minutes\" \/>\n<script type=\"application\/ld+json\" class=\"yoast-schema-graph\">{\"@context\":\"https:\\\/\\\/schema.org\",\"@graph\":[{\"@type\":\"WebPage\",\"@id\":\"https:\\\/\\\/www.cyclophoto.com\\\/privacy-policy\\\/\",\"url\":\"https:\\\/\\\/www.cyclophoto.com\\\/privacy-policy\\\/\",\"name\":\"Privacy Policy - Cyclophoto, Professional Cycling Photography Services.\",\"isPartOf\":{\"@id\":\"https:\\\/\\\/www.cyclophoto.com\\\/#website\"},\"datePublished\":\"2024-08-02T18:55:02+00:00\",\"dateModified\":\"2025-03-05T12:49:36+00:00\",\"breadcrumb\":{\"@id\":\"https:\\\/\\\/www.cyclophoto.com\\\/privacy-policy\\\/#breadcrumb\"},\"inLanguage\":\"fr-FR\",\"potentialAction\":[{\"@type\":\"ReadAction\",\"target\":[\"https:\\\/\\\/www.cyclophoto.com\\\/privacy-policy\\\/\"]}]},{\"@type\":\"BreadcrumbList\",\"@id\":\"https:\\\/\\\/www.cyclophoto.com\\\/privacy-policy\\\/#breadcrumb\",\"itemListElement\":[{\"@type\":\"ListItem\",\"position\":1,\"name\":\"Home\",\"item\":\"https:\\\/\\\/www.cyclophoto.com\\\/\"},{\"@type\":\"ListItem\",\"position\":2,\"name\":\"Privacy Policy\"}]},{\"@type\":\"WebSite\",\"@id\":\"https:\\\/\\\/www.cyclophoto.com\\\/#website\",\"url\":\"https:\\\/\\\/www.cyclophoto.com\\\/\",\"name\":\"www.cyclophoto.com\",\"description\":\"Professional Cycling Photography Services\",\"publisher\":{\"@id\":\"https:\\\/\\\/www.cyclophoto.com\\\/#organization\"},\"alternateName\":\"Professional Cycling Photography Services\",\"potentialAction\":[{\"@type\":\"SearchAction\",\"target\":{\"@type\":\"EntryPoint\",\"urlTemplate\":\"https:\\\/\\\/www.cyclophoto.com\\\/?s={search_term_string}\"},\"query-input\":{\"@type\":\"PropertyValueSpecification\",\"valueRequired\":true,\"valueName\":\"search_term_string\"}}],\"inLanguage\":\"fr-FR\"},{\"@type\":\"Organization\",\"@id\":\"https:\\\/\\\/www.cyclophoto.com\\\/#organization\",\"name\":\"Cyclophoto\",\"alternateName\":\"Professional Cycling Photography Services\",\"url\":\"https:\\\/\\\/www.cyclophoto.com\\\/\",\"logo\":{\"@type\":\"ImageObject\",\"inLanguage\":\"fr-FR\",\"@id\":\"https:\\\/\\\/www.cyclophoto.com\\\/#\\\/schema\\\/logo\\\/image\\\/\",\"url\":\"https:\\\/\\\/i0.wp.com\\\/www.cyclophoto.com\\\/wp-content\\\/uploads\\\/2024\\\/08\\\/CYCLOPHOTO-1-HI-RES.png?fit=1563%2C1563&ssl=1\",\"contentUrl\":\"https:\\\/\\\/i0.wp.com\\\/www.cyclophoto.com\\\/wp-content\\\/uploads\\\/2024\\\/08\\\/CYCLOPHOTO-1-HI-RES.png?fit=1563%2C1563&ssl=1\",\"width\":1563,\"height\":1563,\"caption\":\"Cyclophoto\"},\"image\":{\"@id\":\"https:\\\/\\\/www.cyclophoto.com\\\/#\\\/schema\\\/logo\\\/image\\\/\"},\"sameAs\":[\"https:\\\/\\\/www.facebook.com\\\/profile.php?id=61558810670981\",\"https:\\\/\\\/x.com\\\/BartCoenaers\",\"https:\\\/\\\/www.linkedin.com\\\/in\\\/bartcoenaers\\\/\",\"https:\\\/\\\/www.instagram.com\\\/_cyclophoto_\\\/\"],\"description\":\"Professional Cycling Photography Services\",\"email\":\"bart@cyclophoto.com\",\"telephone\":\"+32479367027\",\"legalName\":\"Cyclophoto\",\"vatID\":\"BE0646935362\"}]}<\/script>\n<!-- \/ Yoast SEO Premium plugin. -->","yoast_head_json":{"title":"Politique de confidentialit\u00e9 - Cyclophoto, services professionnels de photographie cycliste.","robots":{"index":"index","follow":"follow","max-snippet":"max-snippet:-1","max-image-preview":"max-image-preview:large","max-video-preview":"max-video-preview:-1"},"canonical":"https:\/\/www.cyclophoto.com\/fr\/politique-de-confidentialite\/","og_locale":"fr_FR","og_type":"article","og_title":"Privacy Policy","og_description":"Privacybeleid \u2013 Cyclophoto Bij\u00a0Cyclophoto\u00a0hechten we groot belang aan uw privacy en de bescherming van uwRead More","og_url":"https:\/\/www.cyclophoto.com\/fr\/politique-de-confidentialite\/","og_site_name":"Cyclophoto, Professional Cycling Photography Services.","article_publisher":"https:\/\/www.facebook.com\/profile.php?id=61558810670981","article_modified_time":"2025-03-05T12:49:36+00:00","og_image":[{"width":1563,"height":1563,"url":"https:\/\/i0.wp.com\/www.cyclophoto.com\/wp-content\/uploads\/2024\/08\/CYCLOPHOTO-1-HI-RES.png?fit=1563%2C1563&ssl=1","type":"image\/png"}],"twitter_card":"summary_large_image","twitter_site":"@BartCoenaers","twitter_misc":{"Dur\u00e9e de lecture estim\u00e9e":"3 minutes"},"schema":{"@context":"https:\/\/schema.org","@graph":[{"@type":"WebPage","@id":"https:\/\/www.cyclophoto.com\/privacy-policy\/","url":"https:\/\/www.cyclophoto.com\/privacy-policy\/","name":"Politique de confidentialit\u00e9 - Cyclophoto, services professionnels de photographie cycliste.","isPartOf":{"@id":"https:\/\/www.cyclophoto.com\/#website"},"datePublished":"2024-08-02T18:55:02+00:00","dateModified":"2025-03-05T12:49:36+00:00","breadcrumb":{"@id":"https:\/\/www.cyclophoto.com\/privacy-policy\/#breadcrumb"},"inLanguage":"fr-FR","potentialAction":[{"@type":"ReadAction","target":["https:\/\/www.cyclophoto.com\/privacy-policy\/"]}]},{"@type":"BreadcrumbList","@id":"https:\/\/www.cyclophoto.com\/privacy-policy\/#breadcrumb","itemListElement":[{"@type":"ListItem","position":1,"name":"Home","item":"https:\/\/www.cyclophoto.com\/"},{"@type":"ListItem","position":2,"name":"Privacy Policy"}]},{"@type":"WebSite","@id":"https:\/\/www.cyclophoto.com\/#website","url":"https:\/\/www.cyclophoto.com\/","name":"www.cyclophoto.com","description":"Services professionnels de photographie de cyclisme","publisher":{"@id":"https:\/\/www.cyclophoto.com\/#organization"},"alternateName":"Professional Cycling Photography Services","potentialAction":[{"@type":"SearchAction","target":{"@type":"EntryPoint","urlTemplate":"https:\/\/www.cyclophoto.com\/?s={search_term_string}"},"query-input":{"@type":"PropertyValueSpecification","valueRequired":true,"valueName":"search_term_string"}}],"inLanguage":"fr-FR"},{"@type":"Organization","@id":"https:\/\/www.cyclophoto.com\/#organization","name":"Cyclophoto","alternateName":"Professional Cycling Photography Services","url":"https:\/\/www.cyclophoto.com\/","logo":{"@type":"ImageObject","inLanguage":"fr-FR","@id":"https:\/\/www.cyclophoto.com\/#\/schema\/logo\/image\/","url":"https:\/\/i0.wp.com\/www.cyclophoto.com\/wp-content\/uploads\/2024\/08\/CYCLOPHOTO-1-HI-RES.png?fit=1563%2C1563&ssl=1","contentUrl":"https:\/\/i0.wp.com\/www.cyclophoto.com\/wp-content\/uploads\/2024\/08\/CYCLOPHOTO-1-HI-RES.png?fit=1563%2C1563&ssl=1","width":1563,"height":1563,"caption":"Cyclophoto"},"image":{"@id":"https:\/\/www.cyclophoto.com\/#\/schema\/logo\/image\/"},"sameAs":["https:\/\/www.facebook.com\/profile.php?id=61558810670981","https:\/\/x.com\/BartCoenaers","https:\/\/www.linkedin.com\/in\/bartcoenaers\/","https:\/\/www.instagram.com\/_cyclophoto_\/"],"description":"Services professionnels de photographie de cyclisme","email":"bart@cyclophoto.com","telephone":"+32479367027","legalName":"Cyclophoto","vatID":"BE0646935362"}]}},"jetpack_sharing_enabled":true,"_links":{"self":[{"href":"https:\/\/www.cyclophoto.com\/fr\/wp-json\/wp\/v2\/pages\/3","targetHints":{"allow":["GET"]}}],"collection":[{"href":"https:\/\/www.cyclophoto.com\/fr\/wp-json\/wp\/v2\/pages"}],"about":[{"href":"https:\/\/www.cyclophoto.com\/fr\/wp-json\/wp\/v2\/types\/page"}],"author":[{"embeddable":true,"href":"https:\/\/www.cyclophoto.com\/fr\/wp-json\/wp\/v2\/users\/1"}],"replies":[{"embeddable":true,"href":"https:\/\/www.cyclophoto.com\/fr\/wp-json\/wp\/v2\/comments?post=3"}],"version-history":[{"count":10,"href":"https:\/\/www.cyclophoto.com\/fr\/wp-json\/wp\/v2\/pages\/3\/revisions"}],"predecessor-version":[{"id":1182,"href":"https:\/\/www.cyclophoto.com\/fr\/wp-json\/wp\/v2\/pages\/3\/revisions\/1182"}],"wp:attachment":[{"href":"https:\/\/www.cyclophoto.com\/fr\/wp-json\/wp\/v2\/media?parent=3"}],"curies":[{"name":"wp","href":"https:\/\/api.w.org\/{rel}","templated":true}]}}